{"id":1241,"date":"2021-07-27T15:03:25","date_gmt":"2021-07-27T15:03:25","guid":{"rendered":"http:\/\/www.socialpower.ch\/?page_id=1241"},"modified":"2022-02-04T09:52:59","modified_gmt":"2022-02-04T09:52:59","slug":"anmeldung","status":"publish","type":"page","link":"https:\/\/www.socialpower.ch\/index.php\/anmeldung\/","title":{"rendered":"Ablauf Wettbewerbsphase"},"content":{"rendered":"\n<figure class=\"wp-block-image size-large\"><img src=\"http:\/\/www.socialpower.ch\/wp-content\/uploads\/2021\/07\/anmeldung-1024x512.png\" alt=\"Anmeldung\" class=\"wp-image-1253\"\/><\/figure>\n\n\n\n<p><strong><strong>Information und Anmeldung \u00abSocial Power Plus: Wir sind die Energiesparf\u00fcchse\u00bb<\/strong><\/strong><\/p>\n\n\n<p><strong>Energie sparen und effizient nutzen? Das ist nicht immer einfach \u2013 aber wir helfen Ihnen dabei! Das Forschungsprojekt \u00abSocial Power Plus: Wir sind die Energiesparf\u00fcchse\u00bb stellt Ihnen eine informative App zur Verf\u00fcgung und veranstaltet einen regionalen Energiespar-Wettbewerb. So lernen Sie viel \u00fcber Ihren eigenen Energieverbrauch und m\u00f6gliche Sparpotentiale und k\u00f6nnen f\u00fcr Ihre Region\/Stadt erst noch zum Energiesparfuchs werden. <\/strong><\/p>\n<p>M\u00f6chten Sie wissen, wie viel Energie Sie tagt\u00e4glich zuhause verbrauchen und wie Sie Ihren Verbrauch optimieren k\u00f6nnen? Das zeigt Ihnen eine neu entwickelte App auf \u00fcbersichtliche und motivierende Art auf und l\u00e4dt Sie zum Energiesparen f\u00fcr Ihre Region\/Stadt ein. Beteiligen Sie sich also am Forschungsprojekt \u00abSocial Power Plus: Wir sind die Energiesparf\u00fcchse\u00bb der zwei Fachhochschulen ZHAW (Winterthur) und SUPSI (Tessin). EKS, Stadtwerk Winterthur und TB Wil unterst\u00fctzt das Projekt und suchen nun je 100 teilnehmende Haushalte aus den drei Regionen.<\/p>\n<p>Das erwartet die Teilnehmenden: Sie erhalten Zugang zu einer neuen Smartphone-App, die Ihre Heizenergie und Ihren Stromverbrauch aufzeigt (in Schaffhausen pro Ger\u00e4tekategorie aufgeschl\u00fcsselt) und Sie spielerisch dazu animiert, im Alltag zuhause weniger Energie zu verbrauchen. W\u00e4hrend drei Monaten k\u00f6nnen Sie verschiedene Energiespar-Challenges annehmen und sich zusammen mit anderen Teilnehmenden aus ihrer Region mit den anderen Regionen messen. Danach k\u00f6nnen Sie die App bis Ende 2022 weiter nutzen, Ihren Verbrauch messen, Ihre Sparziele \u00fcberpr\u00fcfen oder sich mit anderen Teilnehmenden austauschen. Die App wurde im Fr\u00fchjahr 2021 von rund 50 engagierten Stromkundinnen und Kunden aus diesen drei Regionen mitentwickelt und soll nun getestet werden.<\/p>\n<p>Teilnahmevoraussetzungen f\u00fcr <em>Schaffhausen<\/em>: Ihr Haus wird mit einer eigenen elektrischen W\u00e4rmepumpe beheizt und Sie beziehen Strom von EKS. Damit das Projekt funktioniert, wird neben Ihrem Stromz\u00e4hler ein Energiemessger\u00e4t installiert. Weitere Voraussetzungen sehen sie <a href=\"http:\/\/www.socialpower.ch\/index.php\/anmeldung\/teilnahmevoraussetzungen\/\">hier<\/a>.<\/p>\n<p>Teilnahmevoraussetzungen f\u00fcr <em>Winterthur<\/em>: Ihr Haus wird mit einer eigenen elektrischen W\u00e4rmepumpe beheizt und Sie beziehen Strom von Stadtwerk Winterthur.<\/p>\n<p>Teilnahmevoraussetzungen f\u00fcr <em>Wil<\/em>: Ihr Haus wird mit Gas beheizt, besitzt einen eigenen Gasz\u00e4hler und Sie beziehen Strom von TB Wil.<\/p>\n<p><\/p>\n<p><strong>Projektablauf<\/strong><\/p>\n<ul>\n<li>November + Dezember 2021: Installation Sensor neben dem Stromz\u00e4hler bei den Teilnehmenden aus Schaffhausen<\/li>\n<li>Februar, M\u00e4rz, April 2022: aktive Nutzungsphase der App mit Challenges und regionalem Wettbewerb, zwei schriftliche Online-Befragungen am Anfang und Ende der Nutzungsphase<\/li>\n<li>Mai 2022 bis Januar 2023: weiterhin freiwillige Nutzung der App, im Januar 2023 abschliessende schriftliche Online-Befragung<\/li>\n<\/ul>\n<p><strong>Anmeldung<\/strong><\/p>\n<p>Die Anmeldefrist ist f\u00fcr alle Regionen abgelaufen.<br>Hier finden Sie die <a href=\"http:\/\/www.socialpower.ch\/wp-content\/uploads\/2021\/08\/Anmeldeformular_Datenschutzvereinbarung_v4.pdf\" target=\"_blank\" rel=\"noopener noreferrer\">Teilnehmenden-Information und Datenschutzvereinbarung Testphase<\/a>.<\/p>\n<p>Das Projekt wird vom Bundesamt f\u00fcr Energie (BFE) gef\u00f6rdert.<\/p>","protected":false},"excerpt":{"rendered":"<p>Information und Anmeldung \u00abSocial Power Plus: Wir sind die Energiesparf\u00fcchse\u00bb Energie sparen und effizient nutzen? Das ist nicht immer einfach \u2013 aber wir helfen Ihnen dabei! Das Forschungsprojekt \u00abSocial Power Plus: Wir sind die Energiesparf\u00fcchse\u00bb stellt Ihnen eine informative App zur Verf\u00fcgung und veranstaltet einen regionalen Energiespar-Wettbewerb. So lernen Sie viel \u00fcber Ihren eigenen Energieverbrauch&hellip;<\/p>\n","protected":false},"author":4,"featured_media":0,"parent":0,"menu_order":0,"comment_status":"closed","ping_status":"closed","template":"","meta":[],"_links":{"self":[{"href":"https:\/\/www.socialpower.ch\/index.php\/wp-json\/wp\/v2\/pages\/1241"}],"collection":[{"href":"https:\/\/www.socialpower.ch\/index.php\/wp-json\/wp\/v2\/pages"}],"about":[{"href":"https:\/\/www.socialpower.ch\/index.php\/wp-json\/wp\/v2\/types\/page"}],"author":[{"embeddable":true,"href":"https:\/\/www.socialpower.ch\/index.php\/wp-json\/wp\/v2\/users\/4"}],"replies":[{"embeddable":true,"href":"https:\/\/www.socialpower.ch\/index.php\/wp-json\/wp\/v2\/comments?post=1241"}],"version-history":[{"count":24,"href":"https:\/\/www.socialpower.ch\/index.php\/wp-json\/wp\/v2\/pages\/1241\/revisions"}],"predecessor-version":[{"id":1605,"href":"https:\/\/www.socialpower.ch\/index.php\/wp-json\/wp\/v2\/pages\/1241\/revisions\/1605"}],"wp:attachment":[{"href":"https:\/\/www.socialpower.ch\/index.php\/wp-json\/wp\/v2\/media?parent=1241"}],"curies":[{"name":"wp","href":"https:\/\/api.w.org\/{rel}","templated":true}]}}