{"id":1263,"date":"2021-07-30T11:01:41","date_gmt":"2021-07-30T11:01:41","guid":{"rendered":"http:\/\/www.socialpower.ch\/?page_id=1263"},"modified":"2021-08-27T12:09:53","modified_gmt":"2021-08-27T12:09:53","slug":"teilnahmevoraussetzungen","status":"publish","type":"page","link":"https:\/\/www.socialpower.ch\/index.php\/anmeldung\/teilnahmevoraussetzungen\/","title":{"rendered":"Teilnahmevoraussetzungen"},"content":{"rendered":"<p><strong>Teilnahmevoraussetzungen f\u00fcr Schaffhausen<\/strong><\/p>\n<p>Folgende Voraussetzungen m\u00fcssen f\u00fcr eine Teilnahme in Schaffhausen gegeben sein:<\/p>\n<ul>\n<li>Ihr Haus wird mit einer eigenen elektrischen W\u00e4rmepumpe oder einer Elektroheizung beheizt<\/li>\n<li>Sie beziehen Strom von EKS<\/li>\n<li>Sie haben keine Photovoltaikanlage auf Ihrem Hausdach installiert<\/li>\n<li>Sie wohnen mindestens seit Januar 2021 in diesem Haus<\/li>\n<li>Sie werden wahrscheinlich bis Dezember 2022 in diesem Haus wohnen<\/li>\n<li>Ihr Smartphone ist nicht \u00e4lter als 4 Jahre alt (oder das Betriebssystem ist mindestens iOS 9 f\u00fcr iPhone oder Android 4.4 f\u00fcr alle anderen Modelle)<\/li>\n<\/ul>\n<p>Damit das Projekt funktioniert, wird neben Ihrem Stromz\u00e4hler ein Energiemessger\u00e4t installiert. Damit dies funktioniert m\u00fcssen folgende Voraussetzungen erf\u00fcllt sein:<\/p>\n<ul>\n<li>Sie sind einverstanden, dass neben Ihrem Stromz\u00e4hler ein weiteres Energiemessger\u00e4t eingebaut wird. Dieser Sensor erlaubt die detaillierte Messung des Stromverbrauchs pro Ger\u00e4t. Das Messger\u00e4t ist von der Firma CLEMAP und wird von der Firma Studer Elektro eingebaut.<\/li>\n<li>Am Ende der Studie werden wir Ihnen das Energiemessger\u00e4t f\u00fcr die weitere Nutzung frei zu Verf\u00fcgung stellen. Mit ihrem Smartphone k\u00f6nnen Sie damit Ihre Energiedaten in Echtzeit weiterhin einsehen. Falls Sie den Sensor nach Projektende wieder ausbauen lassen wollen, k\u00f6nnen gewisse Kosten f\u00fcr Sie entstehen.<\/li>\n<li>Am Sicherungskasten ist Wireless-Empfang oder ein LAN-Anschluss vorhanden<\/li>\n<li>Im Sicherungskasten ist genug Platz vorhanden, um das Energiemessger\u00e4t einzubauen (Das Messger\u00e4t ben\u00f6tigt etwa 11x9x6cm Platz im Sicherungskasten.)<\/li>\n<\/ul>\n","protected":false},"excerpt":{"rendered":"<p>Teilnahmevoraussetzungen f\u00fcr Schaffhausen Folgende Voraussetzungen m\u00fcssen f\u00fcr eine Teilnahme in Schaffhausen gegeben sein: Ihr Haus wird mit einer eigenen elektrischen W\u00e4rmepumpe oder einer Elektroheizung beheizt Sie beziehen Strom von EKS Sie haben keine Photovoltaikanlage auf Ihrem Hausdach installiert Sie wohnen mindestens seit Januar 2021 in diesem Haus Sie werden wahrscheinlich bis Dezember 2022 in diesem&hellip;<\/p>\n","protected":false},"author":4,"featured_media":0,"parent":1241,"menu_order":0,"comment_status":"closed","ping_status":"closed","template":"","meta":[],"_links":{"self":[{"href":"https:\/\/www.socialpower.ch\/index.php\/wp-json\/wp\/v2\/pages\/1263"}],"collection":[{"href":"https:\/\/www.socialpower.ch\/index.php\/wp-json\/wp\/v2\/pages"}],"about":[{"href":"https:\/\/www.socialpower.ch\/index.php\/wp-json\/wp\/v2\/types\/page"}],"author":[{"embeddable":true,"href":"https:\/\/www.socialpower.ch\/index.php\/wp-json\/wp\/v2\/users\/4"}],"replies":[{"embeddable":true,"href":"https:\/\/www.socialpower.ch\/index.php\/wp-json\/wp\/v2\/comments?post=1263"}],"version-history":[{"count":2,"href":"https:\/\/www.socialpower.ch\/index.php\/wp-json\/wp\/v2\/pages\/1263\/revisions"}],"predecessor-version":[{"id":1272,"href":"https:\/\/www.socialpower.ch\/index.php\/wp-json\/wp\/v2\/pages\/1263\/revisions\/1272"}],"up":[{"embeddable":true,"href":"https:\/\/www.socialpower.ch\/index.php\/wp-json\/wp\/v2\/pages\/1241"}],"wp:attachment":[{"href":"https:\/\/www.socialpower.ch\/index.php\/wp-json\/wp\/v2\/media?parent=1263"}],"curies":[{"name":"wp","href":"https:\/\/api.w.org\/{rel}","templated":true}]}}