{"id":1355,"date":"2021-12-15T14:50:07","date_gmt":"2021-12-15T14:50:07","guid":{"rendered":"http:\/\/www.socialpower.ch\/?page_id=1355"},"modified":"2022-01-05T11:30:19","modified_gmt":"2022-01-05T11:30:19","slug":"datenschutz-bestimmungen-social-power-plus-app","status":"publish","type":"page","link":"https:\/\/www.socialpower.ch\/index.php\/datenschutz-bestimmungen-social-power-plus-app\/","title":{"rendered":"Datenschutzbestimmungen Social Power Plus app"},"content":{"rendered":"<p>Vielen Dank f\u00fcr Ihr Interesse an der Social Power Plus-App. Die App wird im Rahmen des Forschungsprojekts Social Power Plus eingesetzt.<br \/>W\u00e4hrend einem 3-monatigen Social Power Plus Energiesparwettbewerb (Februar-April 2022) und den darauffolgenden 8 bis 9 Monaten (Mai 2022 &#8211; Dezember 2022) werden Sie die von uns entwickelte Social Power Plus App auf Ihrem Smartphone installiert haben. Die App zeigt Ihnen verschiedene Informationen und Tipps zu Ihrem Energieverbrauch an und l\u00e4dt Sie ein, an Challenges teilzunehmen, um den Verbrauch zu senken. Mit der Installation der Social Power Plus-App erkl\u00e4ren Sie sich damit einverstanden, an der Testphase des Schweizer Forschungsprojekts Social Power Plus teilzunehmen, das vom Bundesamt f\u00fcr Energie (BFE), Stadtwerk Winterthur (SWW), Technische Betriebe Wil (TBW) und Elektrizit\u00e4tswerk des Kantons Schaffhausen (EKS) mitfinanziert und von der Fachhochschule S\u00fcdschweiz (SUPSI), der Z\u00fcrcher Hochschule f\u00fcr Angewandte Wissenschaften (ZHAW) und CLEMAP durchgef\u00fchrt wird. Weitere Informationen zum Projekt finden Sie auf unserer Website: <a href=\"http:\/\/www.socialpower.ch\">www.socialpower.ch<\/a><\/p>\n<p><strong>Art der im Rahmen von Social Power Plus erhobenen Daten<br \/><\/strong>Folgende Haushaltsdaten werden w\u00e4hrend der Social Power Plus Projektphase zwischen Januar und Dezember 2022 erhoben und in pseudonymisierter Form (d.h. die Daten werden nicht mit Ihrer Person\/Ihrem Haushalt in Verbindung gebracht) f\u00fcr Forschungszwecke ausgewertet:<\/p>\n<ul>\n<li>Stromverbrauch pro Stunde mittels Smartmeter oder CLEMAP-Sensor im Haus;<\/li>\n<li>Gasverbrauch pro Stunde (nur f\u00fcr Kunden der TBW) vom Gas-Smartmeter im Haus;<\/li>\n<li>Dauer und H\u00e4ufigkeit der Nutzung der App.<\/li>\n<\/ul>\n<p>Neben diesen Daten werden die Teilnehmer des Social Power Plus-Projekts auch gebeten, drei Online-Frageb\u00f6gen zum Energieverbrauch zu beantworten.<\/p>\n<p><strong>Datenverarbeitung und -speicherung w\u00e4hrend Social Power Plus<br \/><\/strong>In voller \u00dcbereinstimmung mit den nationalen und internationalen Datenschutzgesetzen werden alle im Rahmen des Projekts Social Power Plus erhobenen personenbezogenen Daten streng vertraulich behandelt und weder ver\u00f6ffentlicht noch an Dritte weitergegeben, ausser die Daten sind in aggregierter und anonymer Form aufbereitet. Weder individuelle Daten noch statistische Auswertungen der gesammelten Daten, die eine Identifikation einzelner Social Power Plus-Nutzenden erlauben, werden ausserhalb des Forschungsteams, das direkt an Social Power Plus beteiligt ist (SUPSI, ZHAW und CLEMAP), weitergegeben.<br \/>Die mit der Social Power Plus-App und den drei zugeh\u00f6rigen Frageb\u00f6gen erhobenen, individuellen Daten werden in Datenbanken gespeichert, die in der Europ\u00e4ischen Union gehostet werden, auf Servern, die die erforderlichen Sicherheitsma\u00dfnahmen gegen Verlust, Diebstahl oder unerlaubten Zugriff und Bearbeitung durch Dritte gew\u00e4hrleisten. Nur Forschende der ZHAW, der SUPSI und von CLEMAP, die direkt am Projekt Social Power Plus beteiligt sind, haben Zugang zu den gesammelten individuellen Daten, die ausschliesslich zu Forschungszwecken verwendet werden, um entweder die Entwicklung des Social Power Plus Energiesparwettbewerb zu \u00fcberwachen oder seine Gesamtwirksamkeit zu bewerten. Indem die Nutzerinnen und Nutzer bei der Registrierung in der App die Datenschutzbestimmungen akzeptieren und dann die Social Power Plus App nutzen, erm\u00e4chtigen sie die Forscherinnen und Forscher der SUPSI, der ZHAW und von CLEMAP, ihre Daten zu erheben und diese f\u00fcr Forschungszwecke zu verwenden.<br \/>Am Ende des Projekts k\u00f6nnten die mit Social Power Plus gesammelten Daten auf Open-Access-Datenspeicherplattformen, wie zum Beispiel der Schweizer Plattform Zenodo, zur Verf\u00fcgung gestellt werden. In einem solchen Fall w\u00fcrden sie nur in vollst\u00e4ndig anonymisierter Form zur Verf\u00fcgung gestellt, was die M\u00f6glichkeit, sie mit Ihrem Haushalt in Verbindung zu bringen, v\u00f6llig ausschlie\u00dft.<\/p>\n<p><strong>Weitergabe von personenbezogenen Daten an andere Social Power Plus-Teilnehmer<br \/><\/strong>Die anderen Haushalte, die an Social Power Plus teilnehmen, werden niemals Informationen \u00fcber Ihre individuellen Energieverbrauchsdaten erhalten. Sie erhalten lediglich Informationen \u00fcber die durchschnittlichen Energieeinsparungen aller Haushalte derselben Kategorie (Familien, Haushalte von Erwachsenen unter 65 Jahren oder von Erwachsenen \u00fcber 65 Jahren). Das hei\u00dft, dass die Energieeinsparungen eines einzelnen Haushalts Teil des Durchschnitts der jeweiligen Haushaltskategorie sind. Ihre Energieverbrauchseinsparungen werden als Teil des Durchschnitts Ihrer jeweiligen Gruppe betrachtet.<br \/>Anderen Teilnehmenden werden Ihr Hausname und Ihr Bild angezeigt, wenn Sie Nachrichten auf der Pinnwand posten (z. B. beim Abschlie\u00dfen einer Challenge oder beim Posten von Kommentaren auf der Pinnwand). Sie k\u00f6nnen den Hausnamen und das dazugeh\u00f6rige Bild bei der Registrierung in der App ausw\u00e4hlen.<\/p>\n<p><strong>\u201cRecht auf Vergessen\u201d: Sie k\u00f6nnen Ihre Daten l\u00f6schen lassen<br \/><\/strong>Die Teilnahme an Social Power Plus ist freiwillig, daher haben die Teilnehmenden das Recht, jederzeit ohne Angabe von Gr\u00fcnden aus dem Projekt auszusteigen und die Nutzung der Social Power Plus App zu beenden. Zu diesem Zweck m\u00fcssen uns die Teilnehmenden ein Mail an <a href=\"mailto:socialpowerplus@zhaw.ch\">socialpowerplus@zhaw.ch<\/a> schreiben und darum bitten, aus der Liste der registrierten Nutzenden gestrichen zu werden. Gleichzeitig k\u00f6nnen sie auch verlangen, dass die gesammelten Daten \u00fcber ihren Haushalt aus den Datenbanken von Social Power Plus entfernt werden.<br \/>Da dies ein wichtiger Aspekt f\u00fcr Forschungszwecke ist, werden die Teilnehmer, die das Projekt verlassen wollen und\/oder die L\u00f6schung ihrer Daten beantragen, \u00fcber einen anonymen, kurzen Online-Fragebogen nach den Gr\u00fcnden gefragt. Die Beantwortung des Fragebogens ist jedoch nicht obligatorisch.<\/p>\n<p><strong>Kontaktadresse f\u00fcr eventuelle Fragen<br \/><\/strong>Wenn Sie Fragen oder Anliegen zum Social Power Plus Energiesparwettbewerb haben, wenden Sie sich bitte an das Social Power Plus Team unter <a href=\"mailto:socialpowerplus@zhaw.ch\">socialpowerplus@zhaw.ch<\/a> oder +41 58 934 70 21.<br \/>F\u00fcr allgemeine Informationen zum Projekt Social Power Plus wenden Sie sich bitte an die Projektleiterin an der Fachhochschule S\u00fcdschweiz: Francesca Cellina, Tel. +41 (0)58 666 6261, <a href=\"mailto:francesca.cellina@supsi.ch\">francesca.cellina@supsi.ch<\/a>.<\/p>\n\n\n<p><strong>Haben Sie unsere Datenschutzerkl\u00e4rung und die dazugeh\u00f6rige Einverst\u00e4ndniserkl\u00e4rung sorgf\u00e4ltig gelesen?<br>Sind Sie mit der Erhebung und Verwendung der Daten wie oben beschrieben einverstanden?<br>Wenn Sie zustimmen, k\u00f6nnen Sie Ihr Konto auf der Social Power Plus App registrieren.<\/strong><\/p>\n","protected":false},"excerpt":{"rendered":"<p>Vielen Dank f\u00fcr Ihr Interesse an der Social Power Plus-App. Die App wird im Rahmen des Forschungsprojekts Social Power Plus eingesetzt.W\u00e4hrend einem 3-monatigen Social Power Plus Energiesparwettbewerb (Februar-April 2022) und den darauffolgenden 8 bis 9 Monaten (Mai 2022 &#8211; Dezember 2022) werden Sie die von uns entwickelte Social Power Plus App auf Ihrem Smartphone installiert&hellip;<\/p>\n","protected":false},"author":4,"featured_media":0,"parent":0,"menu_order":0,"comment_status":"closed","ping_status":"closed","template":"","meta":[],"_links":{"self":[{"href":"https:\/\/www.socialpower.ch\/index.php\/wp-json\/wp\/v2\/pages\/1355"}],"collection":[{"href":"https:\/\/www.socialpower.ch\/index.php\/wp-json\/wp\/v2\/pages"}],"about":[{"href":"https:\/\/www.socialpower.ch\/index.php\/wp-json\/wp\/v2\/types\/page"}],"author":[{"embeddable":true,"href":"https:\/\/www.socialpower.ch\/index.php\/wp-json\/wp\/v2\/users\/4"}],"replies":[{"embeddable":true,"href":"https:\/\/www.socialpower.ch\/index.php\/wp-json\/wp\/v2\/comments?post=1355"}],"version-history":[{"count":10,"href":"https:\/\/www.socialpower.ch\/index.php\/wp-json\/wp\/v2\/pages\/1355\/revisions"}],"predecessor-version":[{"id":1440,"href":"https:\/\/www.socialpower.ch\/index.php\/wp-json\/wp\/v2\/pages\/1355\/revisions\/1440"}],"wp:attachment":[{"href":"https:\/\/www.socialpower.ch\/index.php\/wp-json\/wp\/v2\/media?parent=1355"}],"curies":[{"name":"wp","href":"https:\/\/api.w.org\/{rel}","templated":true}]}}