{"id":398,"date":"2015-09-22T11:19:53","date_gmt":"2015-09-22T11:19:53","guid":{"rendered":"http:\/\/www.socialpower.ch\/?page_id=398"},"modified":"2020-11-09T09:52:51","modified_gmt":"2020-11-09T09:52:51","slug":"beschreibung","status":"publish","type":"page","link":"https:\/\/www.socialpower.ch\/index.php\/beschreibung\/","title":{"rendered":"Beschreibung"},"content":{"rendered":"\n<p><strong>Social Power Plus &#8211; Gemeinsam Strom- und W\u00e4rmeeinsparungen erzielen mit Hilfe einer innovativen App und einem spielerischen Wettebwerb<\/strong>.<\/p>\n\n\n\n<p>Es gibt eine wachsende Tendenz, die Verbraucher nicht mehr als individuelle Agenten des Wandels zu betrachten, sondern vielmehr als soziale Wesen, die Teil einer gr\u00f6\u00dferen Gemeinschaft sind. Eine M\u00f6glichkeit, das Engagement und die Zusammenarbeit zwischen einer Gruppe von Menschen zu f\u00f6rdern, ist eine spielerische Smartphone-Anwendung (App), die speziell an einen Smart Meter im Haushalt und andere Energieverbrauchssensoren angeschlossen werden kann, um Verbrauchs- und Sparr\u00fcckmeldungen nahezu in Echtzeit zu erhalten.<\/p>\n\n\n\n<p>Haushalte sind f\u00fcr 31,4% des Gesamtenergieverbrauchs verantwortlich und stellen somit einen wichtigen Hebel f\u00fcr die Energiewende in der Schweiz dar. Seit Jahrzehnten fokussieren die Interventionen auf die F\u00f6rderung technischer Massnahmen zur Verbesserung der Energieeffizienz von Geb\u00e4uden. Dabei wurden&nbsp; die Auswirkungen des Verhaltens der Bewohnerinnen und Bewohner auf den Gesamtenergieverbrauch oft vernachl\u00e4ssigt. Um die Ziele der Energiestrategie 2050 zu erreichen, sind die Haushalte aber ebenfalls aufgefordert, ihre t\u00e4glichen Energieverbrauchsgewohnheiten in Richtung Suffizienz anzupassen. Zweifellos beinhaltet dieser tiefgreifende Paradigmenwechsel eine st\u00e4rkere Sensibilisierung bez\u00fcglich \u00f6kologischen Herausforderungen, wie dem klimawandel oder der Ressourcenknappheit. Dies kann schliesslich zu \u00c4nderungen in der pers\u00f6nlichen Einstellung f\u00fchren und die B\u00fcrger im besten Fall dazu bef\u00e4higen von der Energiwende zu profitieren.<\/p>\n\n\n\n<p>Vor diesem Hintergrund verfolgt das Projekt Social Power Plus (SPP) die folgenden Hauptziele:<\/p>\n\n\n\n<p>1.&nbsp;&nbsp;&nbsp; Entwicklung eines Living Lab (Januar &#8211; Juni 2021) zur Mitgestaltung:<\/p>\n\n\n\n<ul><li>eine Energiespar-Wettebwerb in Gruppen, der von pers\u00f6nlichen Treffen, wie auch von digitalen \u00a0Aktivit\u00e4ten begleitet wird. So soll das Bewusstsein f\u00fcr den Energieverbrauch gest\u00e4rkt werden und gemeinsam M\u00f6glichkeiten gesucht werden, wie Elektrizit\u00e4t und Heizenergie und der damit verbundene CO2-Fu\u00dfabdruck zu Hause und in der Gemeinde verringert werden k\u00f6nnen<\/li><\/ul>\n\n\n\n<ul><li>eine SPP-Toolbox (eine Smartphone-App, mit Daten von einem intelligenten Strom-\/Gasz\u00e4hler und\/oder einer <a>nicht-intrusiven \u00dcberwachung der Ger\u00e4telast &#8211; NIALM-Sensordaten<\/a><a href=\"#_msocom_1\">[E1]<\/a>\u00a0), die die Umsetzung und das Engagement f\u00fcr den Energiespar-Wettbewerb unterst\u00fctzt<\/li><\/ul>\n\n\n\n<p>2. &nbsp;&nbsp;&nbsp; Testen der Wirksamkeit des SPP Energiespar-Wettbewerb in drei realen Pilottests (2022), indem die Auswirkungen in Bezug auf Engagement im Laufe der Zeit, das Bewusstsein f\u00fcr den Energieverbrauch, sowie die messbaren Energieeinsparungen und die Reduktion des CO2-Fu\u00dfabdrucks gemessen und bewertet werden<\/p>\n\n\n\n<p>3.&nbsp;&nbsp; Entwicklung eines Leitfadens (abgeschlossen bis August 2023), damit der SPP Energiesapr-Wettbewerb und die digitale Toolbox f\u00fcr alle interessierten St\u00e4dte oder Energieversorgungsunternehmen in einer White-Label-Version vollst\u00e4ndig einsetzbar ist und eine weitere Verbreitng auf nationaler und internationaler Ebene m\u00f6glich ist.<\/p>\n","protected":false},"excerpt":{"rendered":"<p>Social Power Plus &#8211; Gemeinsam Strom- und W\u00e4rmeeinsparungen erzielen mit Hilfe einer innovativen App und einem spielerischen Wettebwerb. Es gibt eine wachsende Tendenz, die Verbraucher nicht mehr als individuelle Agenten des Wandels zu betrachten, sondern vielmehr als soziale Wesen, die Teil einer gr\u00f6\u00dferen Gemeinschaft sind. Eine M\u00f6glichkeit, das Engagement und die Zusammenarbeit zwischen einer Gruppe&hellip;<\/p>\n","protected":false},"author":10,"featured_media":0,"parent":0,"menu_order":0,"comment_status":"closed","ping_status":"closed","template":"","meta":[],"_links":{"self":[{"href":"https:\/\/www.socialpower.ch\/index.php\/wp-json\/wp\/v2\/pages\/398"}],"collection":[{"href":"https:\/\/www.socialpower.ch\/index.php\/wp-json\/wp\/v2\/pages"}],"about":[{"href":"https:\/\/www.socialpower.ch\/index.php\/wp-json\/wp\/v2\/types\/page"}],"author":[{"embeddable":true,"href":"https:\/\/www.socialpower.ch\/index.php\/wp-json\/wp\/v2\/users\/10"}],"replies":[{"embeddable":true,"href":"https:\/\/www.socialpower.ch\/index.php\/wp-json\/wp\/v2\/comments?post=398"}],"version-history":[{"count":8,"href":"https:\/\/www.socialpower.ch\/index.php\/wp-json\/wp\/v2\/pages\/398\/revisions"}],"predecessor-version":[{"id":1130,"href":"https:\/\/www.socialpower.ch\/index.php\/wp-json\/wp\/v2\/pages\/398\/revisions\/1130"}],"wp:attachment":[{"href":"https:\/\/www.socialpower.ch\/index.php\/wp-json\/wp\/v2\/media?parent=398"}],"curies":[{"name":"wp","href":"https:\/\/api.w.org\/{rel}","templated":true}]}}