{"id":405,"date":"2015-09-22T11:26:15","date_gmt":"2015-09-22T11:26:15","guid":{"rendered":"http:\/\/www.socialpower.ch\/?page_id=405"},"modified":"2022-01-05T12:29:15","modified_gmt":"2022-01-05T12:29:15","slug":"partner","status":"publish","type":"page","link":"https:\/\/www.socialpower.ch\/index.php\/partner\/","title":{"rendered":"Partner"},"content":{"rendered":"<p><strong>SUPSI<br \/><\/strong><strong><a href=\"https:\/\/www.supsi.ch\/isaac_en.html\" target=\"_blank\" rel=\"noopener noreferrer\">ISAAC <\/a><a href=\"https:\/\/www.supsi.ch\/isaac\" target=\"_blank\" rel=\"noopener noreferrer\">(Institute of Applied Sustainability to the Built Environment)<\/a><br \/><\/strong><strong><a href=\"https:\/\/www.supsi.ch\/ide\" target=\"_blank\" rel=\"noopener noreferrer\">IDE (Design Institute)<\/a><br \/><\/strong>Die Forscher der SUPSI sind in den Bereichen erneuerbare Energien (insbesondere Photovoltaik), rationelle Energienutzung in Geb\u00e4uden, Geb\u00e4udewartung und -sanierung sowie partizipative Prozesse und Living-Lab-Ans\u00e4tze zur F\u00f6rderung von Suffizienz und nachhaltiger Lebensweise t\u00e4tig. Das IDE ist ein Raum f\u00fcr die angewandte Forschung im Bereich der visuellen Kultur und der interaktiven Medien. Das IDE kontextualisiert aktuell aufkommende Themen in den Bereichen Interaktionsdesignforschung, Gamification, Web- und mobile Anwendungen, IoT und digitale Fabrikation, E-Learning und offene Lizenzen.<\/p>\n<p><strong>ZHAW<br \/><\/strong><strong><a href=\"https:\/\/www.zhaw.ch\/de\/engineering\/institute-zentren\/ine\/\" target=\"_blank\" rel=\"noopener noreferrer\">INE (Institut f\u00fcr Nachhaltige Entwicklung)<\/a><br \/><\/strong><b><\/b><strong><b><a href=\"https:\/\/www.zhaw.ch\/de\/sml\/institute-zentren\/iie\/\">IIE (Institut f\u00fcr Innovation und Entrepreneurship)<\/a><br \/><\/b><\/strong><span style=\"font-size: inherit;\">Die ZHAW betreibt angewandte sozialwissenschaftliche Energieforschung und forscht im Bereich von kreativen Innovationsprozessen, wobei sie sich auf Living Labs und Verhaltens\u00e4nderung spezialisiert hat.<\/span><\/p>\n\n\n<p><strong><a rel=\"noreferrer noopener\" href=\"https:\/\/clemap.ch\/\" target=\"_blank\">CLEMAP<\/a><\/strong><br>Die CLEMAP AG ist auf die Messung und Auswertung von Energiedaten spezialisiert. Durch eine Kombination von Messl\u00f6sungen (bei Bedarf mit eigenem Stromsensor) und KI \/ Maschinelles Lernen k\u00f6nnen aus Energiedaten z.B. Warnmeldungen, Effizienzsteigerung, Betriebsoptimierung etc. generiert werden.<\/p>\n\n\n\n<p><strong><a rel=\"noreferrer noopener\" href=\"https:\/\/www.eks.ch\/\" target=\"_blank\">EKS<\/a><\/strong><br>Die Elektrizit\u00e4tswerk des Kantons Schaffhausen AG (EKS) ist ein mittelgrosses Schweizer Elektrizit\u00e4tswerk mit einem Portfolio von rund 44&#8217;000 Kunden f\u00fcr eine Gesamtstromversorgung von 532 Millionen kWh pro Jahr. Sie haben das TIKO-System in ihrem Bezirk weitgehend eingef\u00fchrt und f\u00fchren derzeit eine Reihe von Pilotprojekten durch.<\/p>\n\n\n\n<p><strong><a rel=\"noreferrer noopener\" href=\"https:\/\/stadtwerk.winterthur.ch\/privatkundschaft\" target=\"_blank\">Stadtwerk Winterthur<\/a><\/strong><br>Stadtwerk Winterthur ist ein Multi-Utility-Unternehmen der Stadt Winterthur, das im Bereich der Energiever- und -entsorgung t\u00e4tig ist. Es besch\u00e4ftigt rund 380 Mitarbeitende und bedient rund 115&#8217;000 B\u00fcrgerinnen und B\u00fcrger der Stadt Winterthur. Bis Mitte 2021 werden rund 22&#8217;000 ihrer Haushaltskunden in grossem Umfang mit intelligenten Stromz\u00e4hlern versorgt.<\/p>\n\n\n\n<p><strong><a rel=\"noreferrer noopener\" href=\"http:\/\/www.tb-wil.ch\/\" target=\"_blank\">Technische Betriebe Wil (TBW)<\/a><\/strong><br>Der im Kanton St.Gallen ans\u00e4ssige Energieversorger Technische Betriebe Wil ist ein mittelgrosses Schweizer Versorgungsunternehmen mit \u00fcber 40&#8217;000 Kunden, das Dienstleistungen in den Bereichen Strom, Gas, Wasser und Telekommunikation anbietet.<\/p>\n","protected":false},"excerpt":{"rendered":"<p>SUPSIISAAC (Institute of Applied Sustainability to the Built Environment)IDE (Design Institute)Die Forscher der SUPSI sind in den Bereichen erneuerbare Energien (insbesondere Photovoltaik), rationelle Energienutzung in Geb\u00e4uden, Geb\u00e4udewartung und -sanierung sowie partizipative Prozesse und Living-Lab-Ans\u00e4tze zur F\u00f6rderung von Suffizienz und nachhaltiger Lebensweise t\u00e4tig. Das IDE ist ein Raum f\u00fcr die angewandte Forschung im Bereich der visuellen&hellip;<\/p>\n","protected":false},"author":10,"featured_media":0,"parent":0,"menu_order":0,"comment_status":"closed","ping_status":"closed","template":"","meta":[],"_links":{"self":[{"href":"https:\/\/www.socialpower.ch\/index.php\/wp-json\/wp\/v2\/pages\/405"}],"collection":[{"href":"https:\/\/www.socialpower.ch\/index.php\/wp-json\/wp\/v2\/pages"}],"about":[{"href":"https:\/\/www.socialpower.ch\/index.php\/wp-json\/wp\/v2\/types\/page"}],"author":[{"embeddable":true,"href":"https:\/\/www.socialpower.ch\/index.php\/wp-json\/wp\/v2\/users\/10"}],"replies":[{"embeddable":true,"href":"https:\/\/www.socialpower.ch\/index.php\/wp-json\/wp\/v2\/comments?post=405"}],"version-history":[{"count":21,"href":"https:\/\/www.socialpower.ch\/index.php\/wp-json\/wp\/v2\/pages\/405\/revisions"}],"predecessor-version":[{"id":1457,"href":"https:\/\/www.socialpower.ch\/index.php\/wp-json\/wp\/v2\/pages\/405\/revisions\/1457"}],"wp:attachment":[{"href":"https:\/\/www.socialpower.ch\/index.php\/wp-json\/wp\/v2\/media?parent=405"}],"curies":[{"name":"wp","href":"https:\/\/api.w.org\/{rel}","templated":true}]}}