{"id":411,"date":"2015-09-22T11:52:19","date_gmt":"2015-09-22T11:52:19","guid":{"rendered":"http:\/\/www.socialpower.ch\/?page_id=411"},"modified":"2022-01-07T13:12:57","modified_gmt":"2022-01-07T13:12:57","slug":"ein-nachbarschaftlicher-energiesparwettbewerb","status":"publish","type":"page","link":"https:\/\/www.socialpower.ch\/index.php\/ein-nachbarschaftlicher-energiesparwettbewerb\/","title":{"rendered":"Energiesparwettbewerb"},"content":{"rendered":"<p>Das Forschungsprojekt \u00abSocial Power Plus: Wir sind die Energiesparf\u00fcchse\u00bb der zwei Fachhochschulen ZHAW (Winterthur) und SUPSI (Tessin) lanciert w\u00e4hrend einer einj\u00e4hrigen Testphase einen regionalen Energiespar-Wettbewerb und stellt den Teilnehmenden eine informative App zur Verf\u00fcgung. Der Wettbewerb l\u00e4uft in Kooperation mit den drei Energieversorgungsunternehmen EKS, Stadtwerk Winterthur und TB Wil. Aus jeder Region werden 100 teilnehmende Haushalte gesucht. F\u00fcr die teilnehmenden Haushalte entstehen keine Kosten.<\/p>\n<p>Die Teilnehmenden werden viel \u00fcber Ihren eigenen Energieverbrauch und m\u00f6gliche Sparpotentiale lernen und werden im Anschluss an die Wettbewerbsphase ihr Feedback zur Nutzung der App geben. Anschliessend werden die Energiespar-Effekte der App-Nutzung und des Energiesparwettbewerbs analysiert.<\/p>\n<p><strong>Ablauf des Projektes<\/strong><\/p>\n<ul>\n<li>September, Oktober, November 2021: Anmeldung f\u00fcr die Haushalte aus den Versorgungsregionen von Stadtwerk Winterthur, EKS und Technische Betriebe Wil.<\/li>\n<li>November + Dezember 2021: Installation Sensor neben dem Stromz\u00e4hler bei den Teilnehmenden aus Schaffhausen<\/li>\n<li>Februar, M\u00e4rz, April 2022: aktive Nutzungsphase der App mit Challenges und regionalem Wettbewerb, zwei schriftliche Online-Befragungen am Anfang und Ende der Nutzungsphase<\/li>\n<li>Mai 2022 bis Dezember 2022: weiterhin freiwillige Nutzung der App, im Januar 2023 abschliessende schriftliche Online-Befragung<\/li>\n<li>Januar 2023-Juni 2023: Evaluation der App und des Wettbewerbs durch das Forschungsteam<\/li>\n<\/ul>\n<p>Weitere Informationen finden Sie <a href=\"http:\/\/www.socialpower.ch\/index.php\/anmeldung\/\">hier<\/a>.<\/p>\n","protected":false},"excerpt":{"rendered":"<p>Das Forschungsprojekt \u00abSocial Power Plus: Wir sind die Energiesparf\u00fcchse\u00bb der zwei Fachhochschulen ZHAW (Winterthur) und SUPSI (Tessin) lanciert w\u00e4hrend einer einj\u00e4hrigen Testphase einen regionalen Energiespar-Wettbewerb und stellt den Teilnehmenden eine informative App zur Verf\u00fcgung. Der Wettbewerb l\u00e4uft in Kooperation mit den drei Energieversorgungsunternehmen EKS, Stadtwerk Winterthur und TB Wil. Aus jeder Region werden 100 teilnehmende&hellip;<\/p>\n","protected":false},"author":10,"featured_media":0,"parent":0,"menu_order":0,"comment_status":"closed","ping_status":"closed","template":"","meta":[],"_links":{"self":[{"href":"https:\/\/www.socialpower.ch\/index.php\/wp-json\/wp\/v2\/pages\/411"}],"collection":[{"href":"https:\/\/www.socialpower.ch\/index.php\/wp-json\/wp\/v2\/pages"}],"about":[{"href":"https:\/\/www.socialpower.ch\/index.php\/wp-json\/wp\/v2\/types\/page"}],"author":[{"embeddable":true,"href":"https:\/\/www.socialpower.ch\/index.php\/wp-json\/wp\/v2\/users\/10"}],"replies":[{"embeddable":true,"href":"https:\/\/www.socialpower.ch\/index.php\/wp-json\/wp\/v2\/comments?post=411"}],"version-history":[{"count":18,"href":"https:\/\/www.socialpower.ch\/index.php\/wp-json\/wp\/v2\/pages\/411\/revisions"}],"predecessor-version":[{"id":1476,"href":"https:\/\/www.socialpower.ch\/index.php\/wp-json\/wp\/v2\/pages\/411\/revisions\/1476"}],"wp:attachment":[{"href":"https:\/\/www.socialpower.ch\/index.php\/wp-json\/wp\/v2\/media?parent=411"}],"curies":[{"name":"wp","href":"https:\/\/api.w.org\/{rel}","templated":true}]}}