{"id":430,"date":"2015-09-22T12:40:00","date_gmt":"2015-09-22T12:40:00","guid":{"rendered":"http:\/\/www.socialpower.ch\/?page_id=430"},"modified":"2022-01-07T15:52:32","modified_gmt":"2022-01-07T15:52:32","slug":"home-de","status":"publish","type":"page","link":"https:\/\/www.socialpower.ch\/index.php\/home-de\/","title":{"rendered":"Home de"},"content":{"rendered":"<div id=\"pl-430\"  class=\"panel-layout\" ><div id=\"pg-430-0\"  class=\"panel-grid panel-has-style\" ><div class=\"panel-row-style panel-row-style-for-430-0\" ><div id=\"pgc-430-0-0\"  class=\"panel-grid-cell\" ><div id=\"panel-430-0-0-0\" class=\"so-panel widget widget_sow-features panel-first-child panel-last-child\" data-index=\"0\" ><div class=\"so-widget-sow-features so-widget-sow-features-default-aa5cec4330c9\">\n<div class=\"sow-features-list sow-features-responsive\">\n\n\t\t\t\n\t\t\t<div class=\"sow-features-feature sow-icon-container-position-top sow-features-feature-last-row\" style=\"width: 33.333%\">\n\n\t\t\t\t<a href=\"https:\/\/www.socialpower.ch\/index.php\/ein-nachbarschaftlicher-energiesparwettbewerb\/\" >\t\t\t\t<div\n\t\t\t\t\tclass=\"sow-icon-container sow-container-round\"\n                    style=\"color: #6db56a; \"\n\t\t\t\t\t>\n\t\t\t\t\t<span class=\"sow-icon-fontawesome sow-fas\" data-sow-icon=\"&#xf11b;\"\n\t\tstyle=\"font-size: 28px; color: #ffffff\" ><\/span>\t\t\t\t<\/div>\n\t\t\t\t<\/a>\n\t\t\t\t<div class=\"textwidget\">\n\t\t\t\t\t\t\t\t\t\t\t<h5>\n\t\t\t\t\t\t\t\t\t\t\t\t\t\tEnergiesparwettbewerb\t\t\t\t\t\t\t\t\t\t\t\t\t<\/h5>\n\t\t\t\t\t\n\t\t\t\t\t\t\t\t\t\t\t<p>Anfang Februar startet der Energiesparwettebwerb \u00abSocial Power Plus: Wir sind die Energiesparf\u00fcchse\u00bb: In Wil, Winterthur und Schaffhausen testen ca. 230 Haushalte die neue App und versuchen so viel Energie zu sparen wie m\u00f6glich.<\/p>\n\t\t\t\t\t\n\t\t\t\t\t\t\t\t\t\t\t<p class=\"sow-more-text\">\n\t\t\t\t\t\t\t<a href=\"https:\/\/www.socialpower.ch\/index.php\/ein-nachbarschaftlicher-energiesparwettbewerb\/\" >\t\t\t\t\t\t\tLink zum Energiesparwettbewerb\t\t\t\t\t\t\t<\/a>\t\t\t\t\t\t<\/p>\n\t\t\t\t\t\t\t\t\t<\/div>\n\t\t\t<\/div>\n\n\t\t\n\t\t\t<div class=\"sow-features-feature sow-icon-container-position-top sow-features-feature-last-row\" style=\"width: 33.333%\">\n\n\t\t\t\t<a href=\"https:\/\/www.socialpower.ch\/index.php\/toolbox-de\/\" >\t\t\t\t<div\n\t\t\t\t\tclass=\"sow-icon-container sow-container-round\"\n                    style=\"color: #6db56a; \"\n\t\t\t\t\t>\n\t\t\t\t\t<span class=\"sow-icon-fontawesome sow-fas\" data-sow-icon=\"&#xf0c3;\"\n\t\tstyle=\"font-size: 28px; color: #ffffff\" ><\/span>\t\t\t\t<\/div>\n\t\t\t\t<\/a>\n\t\t\t\t<div class=\"textwidget\">\n\t\t\t\t\t\t\t\t\t\t\t<h5>\n\t\t\t\t\t\t\t\t\t\t\t\t\t\tToolbox\t\t\t\t\t\t\t\t\t\t\t\t\t<\/h5>\n\t\t\t\t\t\n\t\t\t\t\t\t\t\t\t\t\t<p>Energieeinsparungen werden mit Hilfe einer Toolbox mit verschiedenen Ans\u00e4tzen (Smartphone-App, Energiespar-Wettbewerb, \u00fcberzeugende Datenanalyse usw.) erzielt, die auch f\u00fcr andere Standorte einsetzbar ist.<\/p>\n\t\t\t\t\t\n\t\t\t\t\t\t\t\t\t\t\t<p class=\"sow-more-text\">\n\t\t\t\t\t\t\t<a href=\"https:\/\/www.socialpower.ch\/index.php\/toolbox-de\/\" >\t\t\t\t\t\t\tLink zur Toolbox\t\t\t\t\t\t\t<\/a>\t\t\t\t\t\t<\/p>\n\t\t\t\t\t\t\t\t\t<\/div>\n\t\t\t<\/div>\n\n\t\t\n\t\t\t<div class=\"sow-features-feature sow-icon-container-position-top sow-features-feature-last-row\" style=\"width: 33.333%\">\n\n\t\t\t\t<a href=\"https:\/\/www.socialpower.ch\/index.php\/beschreibung\/\" >\t\t\t\t<div\n\t\t\t\t\tclass=\"sow-icon-container sow-container-round\"\n                    style=\"color: #6db56a; \"\n\t\t\t\t\t>\n\t\t\t\t\t<span class=\"sow-icon-fontawesome sow-fas\" data-sow-icon=\"&#xf012;\"\n\t\tstyle=\"font-size: 28px; color: #ffffff\" ><\/span>\t\t\t\t<\/div>\n\t\t\t\t<\/a>\n\t\t\t\t<div class=\"textwidget\">\n\t\t\t\t\t\t\t\t\t\t\t<h5>\n\t\t\t\t\t\t\t\t\t\t\t\t\t\tGemeinsam Energie sparen\t\t\t\t\t\t\t\t\t\t\t\t\t<\/h5>\n\t\t\t\t\t\n\t\t\t\t\t\t\t\t\t\t\t<p>Nachbarschaftsteams reduzieren gemeinsam ihren Strom- und W\u00e4rmeverbrauch in einem spielerischen Wettbewerb mit einer innovativen und informativen Smartphone-App.<\/p>\n\t\t\t\t\t\n\t\t\t\t\t\t\t\t\t\t\t<p class=\"sow-more-text\">\n\t\t\t\t\t\t\t<a href=\"https:\/\/www.socialpower.ch\/index.php\/beschreibung\/\" >\t\t\t\t\t\t\tLink zur Beschreibung\t\t\t\t\t\t\t<\/a>\t\t\t\t\t\t<\/p>\n\t\t\t\t\t\t\t\t\t<\/div>\n\t\t\t<\/div>\n\n\t\t\t\n<\/div>\n<\/div><\/div><\/div><\/div><\/div><\/div>","protected":false},"excerpt":{"rendered":"<p>Energiesparwettbewerb Anfang Februar startet der Energiesparwettebwerb \u00abSocial Power Plus: Wir sind die Energiesparf\u00fcchse\u00bb: In Wil, Winterthur und Schaffhausen testen ca. 230 Haushalte die neue App und versuchen so viel Energie zu sparen wie m\u00f6glich. Link zum Energiesparwettbewerb Toolbox Energieeinsparungen werden mit Hilfe einer Toolbox mit verschiedenen Ans\u00e4tzen (Smartphone-App, Energiespar-Wettbewerb, \u00fcberzeugende Datenanalyse usw.) erzielt, die auch&hellip;<\/p>\n","protected":false},"author":10,"featured_media":0,"parent":0,"menu_order":0,"comment_status":"closed","ping_status":"closed","template":"home-panels.php","meta":[],"_links":{"self":[{"href":"https:\/\/www.socialpower.ch\/index.php\/wp-json\/wp\/v2\/pages\/430"}],"collection":[{"href":"https:\/\/www.socialpower.ch\/index.php\/wp-json\/wp\/v2\/pages"}],"about":[{"href":"https:\/\/www.socialpower.ch\/index.php\/wp-json\/wp\/v2\/types\/page"}],"author":[{"embeddable":true,"href":"https:\/\/www.socialpower.ch\/index.php\/wp-json\/wp\/v2\/users\/10"}],"replies":[{"embeddable":true,"href":"https:\/\/www.socialpower.ch\/index.php\/wp-json\/wp\/v2\/comments?post=430"}],"version-history":[{"count":22,"href":"https:\/\/www.socialpower.ch\/index.php\/wp-json\/wp\/v2\/pages\/430\/revisions"}],"predecessor-version":[{"id":1480,"href":"https:\/\/www.socialpower.ch\/index.php\/wp-json\/wp\/v2\/pages\/430\/revisions\/1480"}],"wp:attachment":[{"href":"https:\/\/www.socialpower.ch\/index.php\/wp-json\/wp\/v2\/media?parent=430"}],"curies":[{"name":"wp","href":"https:\/\/api.w.org\/{rel}","templated":true}]}}