{"id":722,"date":"2017-09-25T15:45:40","date_gmt":"2017-09-25T15:45:40","guid":{"rendered":"http:\/\/www.socialpower.ch\/?page_id=722"},"modified":"2018-03-29T06:26:15","modified_gmt":"2018-03-29T06:26:15","slug":"app-3","status":"publish","type":"page","link":"https:\/\/www.socialpower.ch\/index.php\/app-3\/","title":{"rendered":"App"},"content":{"rendered":"<p><iframe width=\"560\" height=\"315\" src=\"https:\/\/www.youtube.com\/embed\/Ln6MH5kwP1k?rel=0\" frameborder=\"0\" allow=\"autoplay; encrypted-media\" allowfullscreen><\/iframe><\/p>\n<p>L\u2019App Social Power ha i\u00a0seguenti obiettivi:<\/p>\n<ul>\n<li>Rendere gli abitanti <strong>consumatori coinvolti<\/strong> nell&#8217;utilizzo della loro energia combinando la <strong>gamification<\/strong> con situazioni di collaborazione o competizione tra vicini.<\/li>\n<li>Migliorare la <strong>consapevolezza di consumo<\/strong> degli utenti attraverso sfide nella realt\u00e0 e strumenti di auto-apprendimento per un consumo di energia efficiente e contribuire al sistema di conoscenza sull&#8217;energia;<\/li>\n<li>Rendere l&#8217;<strong>energia visibile<\/strong> attraverso il monitoraggio in tempo reale\u00a0dell&#8217;uso di elettricit\u00e0 dagli smart meter e grafica facile da usare;<\/li>\n<li>Migliorare la <strong>comunicazione<\/strong> tra le energy utilities e gli abitanti.<\/li>\n<\/ul>\n<p>Le case dei partecipanti sono state assegnate a gruppo di <strong>gioco collaborativo<\/strong> con un obiettivo di risparmio collettivo fisso del 10% insieme al team formato dai loro vicini di casa, o <strong>competitivo<\/strong> in un contesto dove i team delle due citt\u00e0 competono a chi risparmia pi\u00f9 elettricit\u00e0.<br \/>\n<img src=\"http:\/\/www.socialpower.ch\/wp-content\/uploads\/img_process_1.jpg\" alt=\"socialpowerprocess\" \/><\/p>\n<p>L&#8217;App Social Power comprende sfide sul <strong>risparmio energetico<\/strong>, <strong>consigli<\/strong> e <strong>quiz<\/strong> per coinvolgere i partecipanti a raggiungere gli obiettivi comuni guadagnando punti e risparmiando. I dati degli smart meter completano l&#8217;esperienza utente mostrando il consumo su base oraria e giornaliera mentre viene\u00a0confrontata con il consumo storico e con i risultati del consumo della squadra. Completando le sfide sulla App i partecipanti imparano a migliorare le loro abitudini di\u00a0consumo domestico.<\/p>\n<p><strong>Uno sguardo sulla\u00a0App<\/strong><br \/>\n<img class=\"aligncenter\" src=\"http:\/\/www.socialpower.ch\/wp-content\/uploads\/App.jpg\" alt=\"socialpowerapp\" \/><\/p>\n<p>1. Interfaccia di monitoraggio energetico: riporta il consumo su base oraria e giornaliera e offre un feedback sulla media di consumo;<br \/>\n2. I progressi nel gioco: le sfide attuali, i punti e l&#8217;avanzamento del giocatore e del gruppo e i punti rispetto alla squadra avversaria.<br \/>\n3. I consigli energetici: un set organizzato di consigli su come utilizzare in modo consapevole e sostenibile l&#8217;energia della casa.<\/p>\n","protected":false},"excerpt":{"rendered":"<p>L\u2019App Social Power ha i\u00a0seguenti obiettivi: Rendere gli abitanti consumatori coinvolti nell&#8217;utilizzo della loro energia combinando la gamification con situazioni di collaborazione o competizione tra vicini. Migliorare la consapevolezza di consumo degli utenti attraverso sfide nella realt\u00e0 e strumenti di auto-apprendimento per un consumo di energia efficiente e contribuire al sistema di conoscenza sull&#8217;energia; Rendere&hellip;<\/p>\n","protected":false},"author":10,"featured_media":0,"parent":0,"menu_order":0,"comment_status":"closed","ping_status":"closed","template":"","meta":[],"_links":{"self":[{"href":"https:\/\/www.socialpower.ch\/index.php\/wp-json\/wp\/v2\/pages\/722"}],"collection":[{"href":"https:\/\/www.socialpower.ch\/index.php\/wp-json\/wp\/v2\/pages"}],"about":[{"href":"https:\/\/www.socialpower.ch\/index.php\/wp-json\/wp\/v2\/types\/page"}],"author":[{"embeddable":true,"href":"https:\/\/www.socialpower.ch\/index.php\/wp-json\/wp\/v2\/users\/10"}],"replies":[{"embeddable":true,"href":"https:\/\/www.socialpower.ch\/index.php\/wp-json\/wp\/v2\/comments?post=722"}],"version-history":[{"count":6,"href":"https:\/\/www.socialpower.ch\/index.php\/wp-json\/wp\/v2\/pages\/722\/revisions"}],"predecessor-version":[{"id":788,"href":"https:\/\/www.socialpower.ch\/index.php\/wp-json\/wp\/v2\/pages\/722\/revisions\/788"}],"wp:attachment":[{"href":"https:\/\/www.socialpower.ch\/index.php\/wp-json\/wp\/v2\/media?parent=722"}],"curies":[{"name":"wp","href":"https:\/\/api.w.org\/{rel}","templated":true}]}}