{"id":880,"date":"2020-10-27T16:31:55","date_gmt":"2020-10-27T16:31:55","guid":{"rendered":"http:\/\/www.socialpower.ch\/?page_id=880"},"modified":"2024-01-09T07:15:21","modified_gmt":"2024-01-09T07:15:21","slug":"toolbox-de","status":"publish","type":"page","link":"https:\/\/www.socialpower.ch\/index.php\/toolbox-de\/","title":{"rendered":"Toolbox"},"content":{"rendered":"\n<p>Eine erste Version der Energiespar-App wurde in einem fr\u00fcheren Projekt \u201cSocial Power\u201d entwickelt und erm\u00f6glichte es den Haushalten, ihren Stromverbrauch in Echtzeit zu \u00fcberwachen, da die App mit dem intelligenten Z\u00e4hler des Hauses verbunden war.&nbsp; Eine Demo der Social Power-App ist <a href=\"http:\/\/www.socialpower.ch\/index.php\/app-3\/\" target=\"_blank\" rel=\"noreferrer noopener\">hier verf\u00fcgbar<\/a>.<\/p>\n\n\n\n<p>Dabei wurden einfache, f\u00fcr Laien verst\u00e4ndliche Visualisierung eingesetzt und damit verbundene M\u00f6glichkeiten den Energieverbrauch zu senken, aufgezeigt. Die Haushalte wurden in Teams zusammengestellt, in denen sie das Ziel hatten gemeinsam eine bestimmte Menge an Energie zu sparen oder aber gemeinsam mehr Energie zu sparen als ein konkurrierendes Team (im Vergleich zu ihrem historischen Durchschnittsverbrauch). Um die Haushalte zu Energiesparaktivit\u00e4ten zu animieren, wurde in der App jede Woche ein anderes Stromsparthema und Aktivit\u00e4ten dazu, die mit Punkten belohnt wurden, lanciert Dar\u00fcber hinaus bot die App praxisorientierte Tipps zum Energiesparen. So wurde versucht die Selbstwirksamkeit des eigenen Verhaltens zu unterst\u00fctzen.<\/p>\n\n\n\n<p>Die <strong>Social Power Plus-App <\/strong>baut auf der Spielmechanismen und den Funktionen der Social Power-App auf und erg\u00e4nzt sie mit dem Thema Heizenergie in Haushalten mit einem detaillierten \u00d6ko-Feedback zum Energieverbrauch von Haushaltsger\u00e4ten. Die dazu n\u00f6tigen&nbsp; Disaggregationsalgorithmen werden von CLEMAP-Smart-Sensoren gespeist und durch Datenanalysen berechnet werden (CLEMAP stellt die IT-Infrastruktur f\u00fcr das Forschungsprojekt bereit, indem es den nicht intrusiven Stromz\u00e4hler zur \u00dcberwachung der Ger\u00e4telast sowie die Analyse- und Cloud-Infrastruktur bereitstellt).<br><\/p>\n\n\n\n<p>Um einen besseren Eindruck der <strong>Social Power Plus-App<\/strong> zu erhalten, k\u00f6nnen Sie sich das  <strong><a href=\"http:\/\/www.socialpower.ch\/index.php\/lehrgang\/\" data-type=\"page\" data-id=\"1424\">Tutorial<\/a><\/strong> ansehen.<\/p>\n","protected":false},"excerpt":{"rendered":"<p>Eine erste Version der Energiespar-App wurde in einem fr\u00fcheren Projekt \u201cSocial Power\u201d entwickelt und erm\u00f6glichte es den Haushalten, ihren Stromverbrauch in Echtzeit zu \u00fcberwachen, da die App mit dem intelligenten Z\u00e4hler des Hauses verbunden war.&nbsp; Eine Demo der Social Power-App ist hier verf\u00fcgbar. Dabei wurden einfache, f\u00fcr Laien verst\u00e4ndliche Visualisierung eingesetzt und damit verbundene M\u00f6glichkeiten&hellip;<\/p>\n","protected":false},"author":9,"featured_media":0,"parent":0,"menu_order":0,"comment_status":"closed","ping_status":"closed","template":"","meta":[],"_links":{"self":[{"href":"https:\/\/www.socialpower.ch\/index.php\/wp-json\/wp\/v2\/pages\/880"}],"collection":[{"href":"https:\/\/www.socialpower.ch\/index.php\/wp-json\/wp\/v2\/pages"}],"about":[{"href":"https:\/\/www.socialpower.ch\/index.php\/wp-json\/wp\/v2\/types\/page"}],"author":[{"embeddable":true,"href":"https:\/\/www.socialpower.ch\/index.php\/wp-json\/wp\/v2\/users\/9"}],"replies":[{"embeddable":true,"href":"https:\/\/www.socialpower.ch\/index.php\/wp-json\/wp\/v2\/comments?post=880"}],"version-history":[{"count":11,"href":"https:\/\/www.socialpower.ch\/index.php\/wp-json\/wp\/v2\/pages\/880\/revisions"}],"predecessor-version":[{"id":1925,"href":"https:\/\/www.socialpower.ch\/index.php\/wp-json\/wp\/v2\/pages\/880\/revisions\/1925"}],"wp:attachment":[{"href":"https:\/\/www.socialpower.ch\/index.php\/wp-json\/wp\/v2\/media?parent=880"}],"curies":[{"name":"wp","href":"https:\/\/api.w.org\/{rel}","templated":true}]}}